{"id":1706,"date":"2024-01-25T11:38:09","date_gmt":"2024-01-25T11:38:09","guid":{"rendered":"http:\/\/mvv.it\/montaggio-e-fissaggio\/"},"modified":"2024-04-10T13:26:16","modified_gmt":"2024-04-10T13:26:16","slug":"montaggio-e-fissaggio","status":"publish","type":"page","link":"https:\/\/mvv.it\/it\/montaggio-e-fissaggio\/","title":{"rendered":"Montaggio e fissaggio"},"content":{"rendered":"<div class=\"wpb-content-wrapper\"><p>[vc_row][vc_column]\n\t\t\t<!-- START Sealing 1 REVOLUTION SLIDER 6.7.9 --><p class=\"rs-p-wp-fix\"><\/p>\n\t\t\t<rs-module-wrap id=\"rev_slider_5_1_wrapper\" data-source=\"gallery\" style=\"visibility:hidden;background:transparent;padding:0;margin:0px auto;margin-top:0;margin-bottom:0;\">\n\t\t\t\t<rs-module id=\"rev_slider_5_1\" style=\"\" data-version=\"6.7.9\">\n\t\t\t\t\t<rs-slides style=\"overflow: hidden; position: absolute;\">\n\t\t\t\t\t\t<rs-slide style=\"position: absolute;\" data-key=\"rs-5\" data-title=\"Slide\" data-in=\"o:0;\" data-out=\"a:false;\">\n\t\t\t\t\t\t\t<img src=\"\/\/mvv.it\/wp-content\/uploads\/2024\/01\/Assistenza.jpg\" alt=\"\" title=\"Assistenza\" width=\"1620\" height=\"1080\" class=\"rev-slidebg tp-rs-img\" data-panzoom=\"d:10000;ss:100;se:103%;\" data-no-retina>\n<!--\n\t\t\t\t\t\t\t--><rs-layer\n\t\t\t\t\t\t\t\tid=\"slider-5-slide-5-layer-0\" \n\t\t\t\t\t\t\t\tdata-type=\"text\"\n\t\t\t\t\t\t\t\tdata-tsh=\"h:2px,1px,1px,0px;b:8px,4px,4px,8px;\"\n\t\t\t\t\t\t\t\tdata-rsp_ch=\"on\"\n\t\t\t\t\t\t\t\tdata-xy=\"xo:104px,55px,55px,25px;yo:283px,150px,150px,69px;\"\n\t\t\t\t\t\t\t\tdata-text=\"w:normal;s:134,71,71,69;l:167,89,89,89;fw:700;\"\n\t\t\t\t\t\t\t\tdata-frame_1=\"e:power1.in;sp:800;\"\n\t\t\t\t\t\t\t\tdata-frame_999=\"o:0;st:w;\"\n\t\t\t\t\t\t\t\tstyle=\"z-index:5;font-family:'Source Sans Pro';\"\n\t\t\t\t\t\t\t>Mounting \n\t\t\t\t\t\t\t<\/rs-layer><!--\n\n\t\t\t\t\t\t\t--><rs-layer\n\t\t\t\t\t\t\t\tid=\"slider-5-slide-5-layer-1\" \n\t\t\t\t\t\t\t\tdata-type=\"text\"\n\t\t\t\t\t\t\t\tdata-color=\"#0065bd\"\n\t\t\t\t\t\t\t\tdata-tsh=\"h:2px,1px,1px,0px;b:8px,4px,4px,8px;\"\n\t\t\t\t\t\t\t\tdata-rsp_ch=\"on\"\n\t\t\t\t\t\t\t\tdata-xy=\"xo:104px,55px,55px,24px;yo:447px,238px,238px,151px;\"\n\t\t\t\t\t\t\t\tdata-text=\"w:normal;s:80,55,55,37;l:80,55,55,37;fw:700;\"\n\t\t\t\t\t\t\t\tdata-frame_0=\"x:-491px,-342px,-342px,-238px;\"\n\t\t\t\t\t\t\t\tdata-frame_1=\"e:default;sp:1400;\"\n\t\t\t\t\t\t\t\tdata-frame_999=\"o:0;st:w;\"\n\t\t\t\t\t\t\t\tstyle=\"z-index:5;font-family:'Source Sans Pro';\"\n\t\t\t\t\t\t\t>and fixing \n\t\t\t\t\t\t\t<\/rs-layer><!--\n-->\t\t\t\t\t<\/rs-slide>\n\t\t\t\t\t<\/rs-slides>\n\t\t\t\t<\/rs-module>\n\t\t\t\t<script>\n\t\t\t\t\tsetREVStartSize({c: 'rev_slider_5_1',rl:[1240,1024,1024,480],el:[800,508,508,320],gw:[1920,1024,1024,480],gh:[800,508,508,320],type:'standard',justify:'',layout:'fullwidth',mh:\"0\"});if (window.RS_MODULES!==undefined && window.RS_MODULES.modules!==undefined && window.RS_MODULES.modules[\"revslider51\"]!==undefined) {window.RS_MODULES.modules[\"revslider51\"].once = false;window.revapi5 = undefined;if (window.RS_MODULES.checkMinimal!==undefined) window.RS_MODULES.checkMinimal()}\n\t\t\t\t<\/script>\n\t\t\t<\/rs-module-wrap>\n\t\t\t<!-- END REVOLUTION SLIDER -->\n[\/vc_column][\/vc_row][vc_row content_placement=&#8221;middle&#8221;][vc_column][vc_row_inner content_placement=&#8221;middle&#8221;][vc_column_inner width=&#8221;1\/2&#8243;][vc_empty_space height=&#8221;22px&#8221;][vc_column_text css_animation=&#8221;slideInLeft&#8221;]<span style=\"color: #005eb8;\"><strong><span style=\"font-size: 48pt; line-height: 0.8em;\">Montaggio<br \/>\ne fissaggio<br \/>\n<span style=\"font-size: 18pt;\">delle pompe MVV<\/span><\/span><\/strong><\/span>[\/vc_column_text][vc_separator color=&#8221;custom&#8221; align=&#8221;align_left&#8221; border_width=&#8221;5&#8243; el_width=&#8221;50&#8243; css_animation=&#8221;slideInLeft&#8221; accent_color=&#8221;#0065bd&#8221; css=&#8221;.vc_custom_1706192273488{margin-left: -10px !important;}&#8221;][vc_empty_space height=&#8221;22px&#8221;][\/vc_column_inner][vc_column_inner width=&#8221;1\/2&#8243;][vc_empty_space][vc_column_text css=&#8221;.vc_custom_1706184210937{margin-right: 3% !important;margin-left: 3% !important;}&#8221;]<\/p>\n<p style=\"text-align: justify;\"><strong>Dalle prime pompe dosatrici montate a sella o a supporto fino alle soluzioni pi\u00f9 personalizzate, MVV \u00e8 in grado di offrire la gamma pi\u00f9 ampia di metodi di fissaggio e montaggio.<br \/>\n<\/strong><\/p>\n<p style=\"text-align: justify;\">Molte pompe sono state adattate dall&#8217;industria tessile, dove sono fissate su piastre riscaldate all&#8217;interno di telai rotanti. In tali applicazioni, le porte non sono filettate e la connessione e la tenuta vengono ottenute attraverso una finitura superficiale. Tuttavia, per le applicazioni industriali, \u00e8 preferibile utilizzare flange, porte filettate o soluzioni speciali personalizzate. Le pompe sommerse non sono nemmeno rare.<\/p>\n<p>Da MVV, comprendiamo le diverse esigenze dei nostri clienti e offriamo soluzioni flessibili personalizzate per le loro applicazioni specifiche. Possiamo fornire basamenti e soluzioni di fissaggio personalizzati, oltre a sviluppare piastre adattatrici e distanziali per garantire la compatibilit\u00e0 con le unit\u00e0 di pompa dei nostri concorrenti.\n<\/p>\n<p>[\/vc_column_text][vc_empty_space][\/vc_column_inner][\/vc_row_inner][\/vc_column][\/vc_row][vc_row full_width=&#8221;stretch_row&#8221; css=&#8221;.vc_custom_1703234889433{margin-top: 0px !important;margin-bottom: 0px !important;padding-top: 0px !important;padding-bottom: 0px !important;background-image: url(http:\/\/mvv.it\/wp-content\/uploads\/2023\/12\/Banner-1920-blu-pieno.jpg?id=440) !important;}&#8221;][vc_column][vc_row_inner content_placement=&#8221;middle&#8221;][vc_column_inner width=&#8221;2\/3&#8243;][vc_column_text css=&#8221;.vc_custom_1706183211975{padding-left: 10px !important;background-color: #828282 !important;}&#8221;]<span style=\"font-size: 14pt; color: #ffffff;\"><strong>Piedini<\/strong><\/span>[\/vc_column_text][vc_column_text css=&#8221;.vc_custom_1706603076293{padding-left: 10px !important;}&#8221;]<\/p>\n<p style=\"text-align: justify;\"><span style=\"color: #ffffff;\">Soluzione di montaggio standard. Con staffa integrata o personalizzata. Le pompe presentano connessioni filettate o flange.<br \/>\n<\/span><\/p>\n<p>[\/vc_column_text][\/vc_column_inner][vc_column_inner width=&#8221;1\/3&#8243;][vc_empty_space height=&#8221;12px&#8221;][vc_single_image image=&#8221;1622&#8243; img_size=&#8221;400x300px&#8221; alignment=&#8221;center&#8221; style=&#8221;vc_box_outline&#8221; border_color=&#8221;sky&#8221;][vc_empty_space height=&#8221;12px&#8221;][\/vc_column_inner][\/vc_row_inner][\/vc_column][\/vc_row][vc_row full_width=&#8221;stretch_row&#8221; css=&#8221;.vc_custom_1706180345389{margin-top: 0px !important;margin-bottom: 0px !important;padding-top: 0px !important;padding-bottom: 0px !important;background-color: #f4f4f4 !important;}&#8221;][vc_column][vc_row_inner content_placement=&#8221;middle&#8221;][vc_column_inner width=&#8221;2\/3&#8243;][vc_column_text css=&#8221;.vc_custom_1706183461376{padding-left: 10px !important;background-color: #828282 !important;}&#8221;]<span style=\"font-size: 14pt; color: #ffffff;\"><strong>A piazzola<\/strong><\/span>[\/vc_column_text][vc_column_text css=&#8221;.vc_custom_1706603082725{padding-left: 10px !important;}&#8221;]<\/p>\n<p style=\"text-align: justify;\">Per le pompe per filatura e hot-melt, viene implementata una soluzione particolare. La pompa viene saldamente fissata su una piastra rettificata realizzata su misura, garantendo un allineamento preciso e stabilit\u00e0. Questo metodo di montaggio unico elimina la necessit\u00e0 di connessioni filettate, fornendo un&#8217;installazione senza soluzioni di continuit\u00e0 e affidabile.\n<\/p>\n<p>[\/vc_column_text][\/vc_column_inner][vc_column_inner width=&#8221;1\/3&#8243;][vc_empty_space height=&#8221;12px&#8221;][vc_single_image image=&#8221;1621&#8243; img_size=&#8221;400x300px&#8221; alignment=&#8221;center&#8221; style=&#8221;vc_box_outline&#8221; border_color=&#8221;white&#8221;][vc_empty_space height=&#8221;12px&#8221;][\/vc_column_inner][\/vc_row_inner][\/vc_column][\/vc_row][vc_row full_width=&#8221;stretch_row&#8221; css=&#8221;.vc_custom_1703234889433{margin-top: 0px !important;margin-bottom: 0px !important;padding-top: 0px !important;padding-bottom: 0px !important;background-image: url(http:\/\/mvv.it\/wp-content\/uploads\/2023\/12\/Banner-1920-blu-pieno.jpg?id=440) !important;}&#8221;][vc_column][vc_row_inner content_placement=&#8221;middle&#8221;][vc_column_inner width=&#8221;2\/3&#8243;][vc_column_text css=&#8221;.vc_custom_1706183651719{padding-left: 10px !important;background-color: #828282 !important;}&#8221;]<span style=\"font-size: 14pt; color: #ffffff;\"><strong>A sella<\/strong><\/span>[\/vc_column_text][vc_column_text css=&#8221;.vc_custom_1706603090085{padding-left: 10px !important;}&#8221;]<\/p>\n<p style=\"text-align: justify;\"><span style=\"color: #ffffff;\">Il montaggio a sella \u00e8 un sistema che originariamente veniva utilizzato per le pompe per fibra acrilica, ma viene ancora utilizzato oggi, ad esempio nella produzione di fibra di carbonio. \u00c8 molto diffuso in pompe di produzione statunitense. La pompa viene fissata spingendo i perni avvitati nella sella contro l&#8217;ingresso e l&#8217;uscita della pompa. La pompa pu\u00f2 essere inclinata sul suo asse e si disimpegner\u00e0 automaticamente se si blocca. Il trascinamento avviene tramite una ruota dentata<br \/>\n<\/span><\/p>\n<p>[\/vc_column_text][\/vc_column_inner][vc_column_inner width=&#8221;1\/3&#8243;][vc_empty_space height=&#8221;12px&#8221;][vc_single_image image=&#8221;1625&#8243; img_size=&#8221;400x300px&#8221; alignment=&#8221;center&#8221; style=&#8221;vc_box_outline&#8221; border_color=&#8221;sky&#8221;][vc_empty_space height=&#8221;12px&#8221;][\/vc_column_inner][\/vc_row_inner][\/vc_column][\/vc_row][vc_row full_width=&#8221;stretch_row&#8221; css=&#8221;.vc_custom_1706180345389{margin-top: 0px !important;margin-bottom: 0px !important;padding-top: 0px !important;padding-bottom: 0px !important;background-color: #f4f4f4 !important;}&#8221;][vc_column][vc_row_inner content_placement=&#8221;middle&#8221;][vc_column_inner width=&#8221;2\/3&#8243;][vc_column_text css=&#8221;.vc_custom_1706183781023{padding-left: 10px !important;background-color: #828282 !important;}&#8221;]<span style=\"font-size: 14pt; color: #ffffff;\"><strong>Flangiata verticale per colonne di polimerizzazione<\/strong><\/span>[\/vc_column_text][vc_column_text css=&#8221;.vc_custom_1706603096357{padding-left: 10px !important;}&#8221;]<\/p>\n<p style=\"text-align: justify;\">Queste pompe sono montate direttamente sotto il serbatoio: generalmente utilizzate nei processi di reazione dei polimeri.\n<\/p>\n<p>[\/vc_column_text][\/vc_column_inner][vc_column_inner width=&#8221;1\/3&#8243;][vc_empty_space height=&#8221;12px&#8221;][vc_single_image image=&#8221;1623&#8243; img_size=&#8221;400x300px&#8221; alignment=&#8221;center&#8221; style=&#8221;vc_box_outline&#8221; border_color=&#8221;white&#8221;][vc_empty_space height=&#8221;12px&#8221;][\/vc_column_inner][\/vc_row_inner][\/vc_column][\/vc_row][vc_row full_width=&#8221;stretch_row&#8221; css=&#8221;.vc_custom_1706192347753{margin-top: 0px !important;margin-bottom: 0px !important;padding-top: 0px !important;padding-bottom: 0px !important;background: #e2e2e2 url(http:\/\/mvv.it\/wp-content\/uploads\/2023\/12\/Banner-1920-blu-pieno.jpg?id=440) !important;}&#8221;][vc_column][vc_row_inner content_placement=&#8221;middle&#8221;][vc_column_inner width=&#8221;2\/3&#8243;][vc_column_text css=&#8221;.vc_custom_1706183358855{padding-left: 10px !important;background-color: #828282 !important;}&#8221;]<span style=\"font-size: 14pt; color: #ffffff;\"><strong>Flangiata <\/strong><\/span>[\/vc_column_text][vc_column_text css=&#8221;.vc_custom_1706603103141{padding-left: 10px !important;}&#8221;]<\/p>\n<p style=\"text-align: justify;\"><span style=\"color: #ffffff;\">Configurazione generalmente utilizzata per le pompe di estrusione, le flange sono utilizzate per sostenere la pompa. E collegarla direttamente all\u2019estrusore e al cambiafiltro\/testa.<br \/>\n<\/span><\/p>\n<p>[\/vc_column_text][\/vc_column_inner][vc_column_inner width=&#8221;1\/3&#8243;][vc_empty_space height=&#8221;12px&#8221;][vc_single_image image=&#8221;1624&#8243; img_size=&#8221;400x300px&#8221; alignment=&#8221;center&#8221; style=&#8221;vc_box_outline&#8221; border_color=&#8221;white&#8221;][vc_empty_space height=&#8221;12px&#8221;][\/vc_column_inner][\/vc_row_inner][\/vc_column][\/vc_row]<\/p>\n<\/div>","protected":false},"excerpt":{"rendered":"<p>[vc_row][vc_column][\/vc_column][\/vc_row][vc_row content_placement=&#8221;middle&#8221;][vc_column][vc_row_inner content_placement=&#8221;middle&#8221;][vc_column_inner width=&#8221;1\/2&#8243;][vc_empty_space height=&#8221;22px&#8221;][vc_column_text css_animation=&#8221;slideInLeft&#8221;]Montaggio e fissaggio delle pompe MVV[\/vc_column_text][vc_separator color=&#8221;custom&#8221; align=&#8221;align_left&#8221; border_width=&#8221;5&#8243; el_width=&#8221;50&#8243; css_animation=&#8221;slideInLeft&#8221; accent_color=&#8221;#0065bd&#8221; css=&#8221;.vc_custom_1706192273488{margin-left: -10px !important;}&#8221;][vc_empty_space&#8230;<\/p>\n","protected":false},"author":1,"featured_media":0,"parent":0,"menu_order":0,"comment_status":"closed","ping_status":"closed","template":"","meta":{"footnotes":""},"class_list":["post-1706","page","type-page","status-publish"],"_links":{"self":[{"href":"https:\/\/mvv.it\/it\/wp-json\/wp\/v2\/pages\/1706","targetHints":{"allow":["GET"]}}],"collection":[{"href":"https:\/\/mvv.it\/it\/wp-json\/wp\/v2\/pages"}],"about":[{"href":"https:\/\/mvv.it\/it\/wp-json\/wp\/v2\/types\/page"}],"author":[{"embeddable":true,"href":"https:\/\/mvv.it\/it\/wp-json\/wp\/v2\/users\/1"}],"replies":[{"embeddable":true,"href":"https:\/\/mvv.it\/it\/wp-json\/wp\/v2\/comments?post=1706"}],"version-history":[{"count":7,"href":"https:\/\/mvv.it\/it\/wp-json\/wp\/v2\/pages\/1706\/revisions"}],"predecessor-version":[{"id":1721,"href":"https:\/\/mvv.it\/it\/wp-json\/wp\/v2\/pages\/1706\/revisions\/1721"}],"wp:attachment":[{"href":"https:\/\/mvv.it\/it\/wp-json\/wp\/v2\/media?parent=1706"}],"curies":[{"name":"wp","href":"https:\/\/api.w.org\/{rel}","templated":true}]}}